{"id":1008,"date":"2020-10-16T19:47:55","date_gmt":"2020-10-16T19:47:55","guid":{"rendered":"https:\/\/superpower.cl\/wp\/?page_id=1008"},"modified":"2022-10-23T12:53:44","modified_gmt":"2022-10-23T12:53:44","slug":"acero-bimetalico-al-tungsteno","status":"publish","type":"page","link":"https:\/\/superpower.cl\/wp\/acero-bimetalico-al-tungsteno\/","title":{"rendered":"Acero Bimet\u00e1lico al Tungsteno"},"content":{"rendered":"\t\t<div data-elementor-type=\"wp-page\" data-elementor-id=\"1008\" class=\"elementor elementor-1008\">\n\t\t\t\t\t\t\t\t\t<section class=\"elementor-section elementor-top-section elementor-element elementor-element-9e83843 elementor-section-boxed elementor-section-height-default elementor-section-height-default\" data-id=\"9e83843\" data-element_type=\"section\">\n\t\t\t\t\t\t<div class=\"elementor-container elementor-column-gap-default\">\n\t\t\t\t\t<div class=\"elementor-column elementor-col-100 elementor-top-column elementor-element elementor-element-64f80ff\" data-id=\"64f80ff\" data-element_type=\"column\">\n\t\t\t<div class=\"elementor-widget-wrap elementor-element-populated\">\n\t\t\t\t\t\t\t\t<div class=\"elementor-element elementor-element-787c0d2 elementor-widget elementor-widget-spacer\" data-id=\"787c0d2\" data-element_type=\"widget\" data-widget_type=\"spacer.default\">\n\t\t\t\t<div class=\"elementor-widget-container\">\n\t\t\t\t\t<div class=\"elementor-spacer\">\n\t\t\t<div class=\"elementor-spacer-inner\"><\/div>\n\t\t<\/div>\n\t\t\t\t<\/div>\n\t\t\t\t<\/div>\n\t\t\t\t\t<\/div>\n\t\t<\/div>\n\t\t\t\t\t\t\t<\/div>\n\t\t<\/section>\n\t\t\t\t<section class=\"elementor-section elementor-top-section elementor-element elementor-element-09682c1 elementor-section-boxed elementor-section-height-default elementor-section-height-default\" data-id=\"09682c1\" data-element_type=\"section\">\n\t\t\t\t\t\t<div class=\"elementor-container elementor-column-gap-default\">\n\t\t\t\t\t<div class=\"elementor-column elementor-col-100 elementor-top-column elementor-element elementor-element-03cced5\" data-id=\"03cced5\" data-element_type=\"column\">\n\t\t\t<div class=\"elementor-widget-wrap elementor-element-populated\">\n\t\t\t\t\t\t\t\t<div class=\"elementor-element elementor-element-ce17c8e elementor-widget elementor-widget-image\" data-id=\"ce17c8e\" data-element_type=\"widget\" data-widget_type=\"image.default\">\n\t\t\t\t<div class=\"elementor-widget-container\">\n\t\t\t\t\t\t\t\t\t\t\t\t\t\t\t<img decoding=\"async\" width=\"300\" height=\"127\" src=\"https:\/\/superpower.cl\/wp\/wp-content\/uploads\/2022\/10\/acero-tungsteno.jpg\" class=\"attachment-large size-large wp-image-1292\" alt=\"\" loading=\"lazy\" \/>\t\t\t\t\t\t\t\t\t\t\t\t\t\t\t<\/div>\n\t\t\t\t<\/div>\n\t\t\t\t\t<\/div>\n\t\t<\/div>\n\t\t\t\t\t\t\t<\/div>\n\t\t<\/section>\n\t\t\t\t<section class=\"elementor-section elementor-top-section elementor-element elementor-element-5627b628 elementor-section-boxed elementor-section-height-default elementor-section-height-default\" data-id=\"5627b628\" data-element_type=\"section\">\n\t\t\t\t\t\t<div class=\"elementor-container elementor-column-gap-default\">\n\t\t\t\t\t<div class=\"elementor-column elementor-col-100 elementor-top-column elementor-element elementor-element-38b3c308\" data-id=\"38b3c308\" data-element_type=\"column\">\n\t\t\t<div class=\"elementor-widget-wrap elementor-element-populated\">\n\t\t\t\t\t\t\t\t<div class=\"elementor-element elementor-element-25cb92f8 elementor-widget elementor-widget-text-editor\" data-id=\"25cb92f8\" data-element_type=\"widget\" data-widget_type=\"text-editor.default\">\n\t\t\t\t<div class=\"elementor-widget-container\">\n\t\t\t\t\t\t\t<p><!-- wp:paragraph --><\/p>\n<p>El Acero Bimet\u00e1lico con deposici\u00f3n de Tungsteno, esta dise\u00f1ado para abrasi\u00f3n extrema, donde los costes asociados a la duraci\u00f3n, como paradas de producci\u00f3n, suponen una parte muy importante del presupuesto de mantenimiento. Se fabrica bajo demanda en pr\u00e1cticamente cualquier formato.<\/p>\n<p><!-- \/wp:paragraph --><!-- wp:image {\"id\":204} --><\/p>\n<figure class=\"wp-block-image\"><\/figure>\n<h4>Descargar Ficha<\/h4>\n<p><!-- \/wp:image --><!-- wp:paragraph --><\/p>\n<p><span style=\"color: #ff6600;\"><strong><a style=\"color: #ff6600;\" href=\"https:\/\/superpower.cl\/wp\/wp-content\/uploads\/2022\/10\/Ficha-Tecnica-SuperPower-Tungsten.pdf\">Ficha T\u00e9cnica SuperPower Tungsten<\/a><\/strong><\/span><\/p>\n<p><!-- \/wp:paragraph --><!-- wp:image {\"linkDestination\":\"custom\"} --><\/p>\n<figure class=\"wp-block-image\"><\/figure>\n<p><!-- \/wp:image --><\/p>\t\t\t\t\t\t<\/div>\n\t\t\t\t<\/div>\n\t\t\t\t\t<\/div>\n\t\t<\/div>\n\t\t\t\t\t\t\t<\/div>\n\t\t<\/section>\n\t\t\t\t<section class=\"elementor-section elementor-top-section elementor-element elementor-element-222445f elementor-section-boxed elementor-section-height-default elementor-section-height-default\" data-id=\"222445f\" data-element_type=\"section\">\n\t\t\t\t\t\t<div class=\"elementor-container elementor-column-gap-default\">\n\t\t\t\t\t<div class=\"elementor-column elementor-col-100 elementor-top-column elementor-element elementor-element-18604e1\" data-id=\"18604e1\" data-element_type=\"column\">\n\t\t\t<div class=\"elementor-widget-wrap elementor-element-populated\">\n\t\t\t\t\t\t\t\t<div class=\"elementor-element elementor-element-1532423 elementor-widget elementor-widget-image\" data-id=\"1532423\" data-element_type=\"widget\" data-widget_type=\"image.default\">\n\t\t\t\t<div class=\"elementor-widget-container\">\n\t\t\t\t\t\t\t\t\t\t\t\t\t\t\t<img decoding=\"async\" width=\"580\" height=\"73\" src=\"https:\/\/superpower.cl\/wp\/wp-content\/uploads\/2022\/10\/tabla-tugsnteno.jpg\" class=\"attachment-large size-large wp-image-1293\" alt=\"\" loading=\"lazy\" srcset=\"https:\/\/superpower.cl\/wp\/wp-content\/uploads\/2022\/10\/tabla-tugsnteno.jpg 640w, https:\/\/superpower.cl\/wp\/wp-content\/uploads\/2022\/10\/tabla-tugsnteno-300x38.jpg 300w\" sizes=\"(max-width: 580px) 100vw, 580px\" \/>\t\t\t\t\t\t\t\t\t\t\t\t\t\t\t<\/div>\n\t\t\t\t<\/div>\n\t\t\t\t\t<\/div>\n\t\t<\/div>\n\t\t\t\t\t\t\t<\/div>\n\t\t<\/section>\n\t\t\t\t<section class=\"elementor-section elementor-top-section elementor-element elementor-element-8fc09e4 elementor-section-boxed elementor-section-height-default elementor-section-height-default\" data-id=\"8fc09e4\" data-element_type=\"section\">\n\t\t\t\t\t\t<div class=\"elementor-container elementor-column-gap-default\">\n\t\t\t\t\t<div class=\"elementor-column elementor-col-100 elementor-top-column elementor-element elementor-element-fe12f80\" data-id=\"fe12f80\" data-element_type=\"column\">\n\t\t\t<div class=\"elementor-widget-wrap elementor-element-populated\">\n\t\t\t\t\t\t\t\t<div class=\"elementor-element elementor-element-62b9602 elementor-widget elementor-widget-button\" data-id=\"62b9602\" data-element_type=\"widget\" data-widget_type=\"button.default\">\n\t\t\t\t<div class=\"elementor-widget-container\">\n\t\t\t\t\t<div class=\"elementor-button-wrapper\">\n\t\t\t<a class=\"elementor-button elementor-button-link elementor-size-md\" href=\"https:\/\/superpower.cl\/wp\/cotizar\/\">\n\t\t\t\t\t\t<span class=\"elementor-button-content-wrapper\">\n\t\t\t\t\t\t<span class=\"elementor-button-text\">Cotizar<\/span>\n\t\t<\/span>\n\t\t\t\t\t<\/a>\n\t\t<\/div>\n\t\t\t\t<\/div>\n\t\t\t\t<\/div>\n\t\t\t\t\t<\/div>\n\t\t<\/div>\n\t\t\t\t\t\t\t<\/div>\n\t\t<\/section>\n\t\t\t\t<section class=\"elementor-section elementor-top-section elementor-element elementor-element-e7bc352 elementor-section-boxed elementor-section-height-default elementor-section-height-default\" data-id=\"e7bc352\" data-element_type=\"section\">\n\t\t\t\t\t\t<div class=\"elementor-container elementor-column-gap-default\">\n\t\t\t\t\t<div class=\"elementor-column elementor-col-100 elementor-top-column elementor-element elementor-element-1557700\" data-id=\"1557700\" data-element_type=\"column\">\n\t\t\t<div class=\"elementor-widget-wrap elementor-element-populated\">\n\t\t\t\t\t\t\t\t<div class=\"elementor-element elementor-element-8f63ccf elementor-widget elementor-widget-spacer\" data-id=\"8f63ccf\" data-element_type=\"widget\" data-widget_type=\"spacer.default\">\n\t\t\t\t<div class=\"elementor-widget-container\">\n\t\t\t\t\t<div class=\"elementor-spacer\">\n\t\t\t<div class=\"elementor-spacer-inner\"><\/div>\n\t\t<\/div>\n\t\t\t\t<\/div>\n\t\t\t\t<\/div>\n\t\t\t\t\t<\/div>\n\t\t<\/div>\n\t\t\t\t\t\t\t<\/div>\n\t\t<\/section>\n\t\t\t\t\t\t\t<\/div>\n\t\t","protected":false},"excerpt":{"rendered":"<p>El Acero Bimet\u00e1lico con deposici\u00f3n de Tungsteno, esta dise\u00f1ado para abrasi\u00f3n extrema, donde los costes asociados a la duraci\u00f3n, como paradas de producci\u00f3n, suponen una parte muy importante del presupuesto de mantenimiento. Se fabrica bajo demanda en pr\u00e1cticamente cualquier formato. Ficha T\u00e9cnica SuperPower Tungsten Cotizar<\/p>\n","protected":false},"author":1,"featured_media":0,"parent":0,"menu_order":0,"comment_status":"closed","ping_status":"closed","template":"","meta":[],"_links":{"self":[{"href":"https:\/\/superpower.cl\/wp\/wp-json\/wp\/v2\/pages\/1008"}],"collection":[{"href":"https:\/\/superpower.cl\/wp\/wp-json\/wp\/v2\/pages"}],"about":[{"href":"https:\/\/superpower.cl\/wp\/wp-json\/wp\/v2\/types\/page"}],"author":[{"embeddable":true,"href":"https:\/\/superpower.cl\/wp\/wp-json\/wp\/v2\/users\/1"}],"replies":[{"embeddable":true,"href":"https:\/\/superpower.cl\/wp\/wp-json\/wp\/v2\/comments?post=1008"}],"version-history":[{"count":16,"href":"https:\/\/superpower.cl\/wp\/wp-json\/wp\/v2\/pages\/1008\/revisions"}],"predecessor-version":[{"id":1303,"href":"https:\/\/superpower.cl\/wp\/wp-json\/wp\/v2\/pages\/1008\/revisions\/1303"}],"wp:attachment":[{"href":"https:\/\/superpower.cl\/wp\/wp-json\/wp\/v2\/media?parent=1008"}],"curies":[{"name":"wp","href":"https:\/\/api.w.org\/{rel}","templated":true}]}}