{"id":1014,"date":"2020-10-16T20:25:30","date_gmt":"2020-10-16T20:25:30","guid":{"rendered":"https:\/\/superpower.cl\/wp\/?page_id=1014"},"modified":"2022-10-23T12:57:28","modified_gmt":"2022-10-23T12:57:28","slug":"barras-cb","status":"publish","type":"page","link":"https:\/\/superpower.cl\/wp\/barras-cb\/","title":{"rendered":"Barras CB"},"content":{"rendered":"\t\t<div data-elementor-type=\"wp-page\" data-elementor-id=\"1014\" class=\"elementor elementor-1014\">\n\t\t\t\t\t\t\t\t\t<section class=\"elementor-section elementor-top-section elementor-element elementor-element-e5da250 elementor-section-boxed elementor-section-height-default elementor-section-height-default\" data-id=\"e5da250\" data-element_type=\"section\">\n\t\t\t\t\t\t<div class=\"elementor-container elementor-column-gap-default\">\n\t\t\t\t\t<div class=\"elementor-column elementor-col-100 elementor-top-column elementor-element elementor-element-7985fb6\" data-id=\"7985fb6\" data-element_type=\"column\">\n\t\t\t<div class=\"elementor-widget-wrap elementor-element-populated\">\n\t\t\t\t\t\t\t\t<div class=\"elementor-element elementor-element-c16b1ab elementor-widget elementor-widget-spacer\" data-id=\"c16b1ab\" data-element_type=\"widget\" data-widget_type=\"spacer.default\">\n\t\t\t\t<div class=\"elementor-widget-container\">\n\t\t\t\t\t<div class=\"elementor-spacer\">\n\t\t\t<div class=\"elementor-spacer-inner\"><\/div>\n\t\t<\/div>\n\t\t\t\t<\/div>\n\t\t\t\t<\/div>\n\t\t\t\t\t<\/div>\n\t\t<\/div>\n\t\t\t\t\t\t\t<\/div>\n\t\t<\/section>\n\t\t\t\t<section class=\"elementor-section elementor-top-section elementor-element elementor-element-b23bc9e elementor-section-boxed elementor-section-height-default elementor-section-height-default\" data-id=\"b23bc9e\" data-element_type=\"section\">\n\t\t\t\t\t\t<div class=\"elementor-container elementor-column-gap-default\">\n\t\t\t\t\t<div class=\"elementor-column elementor-col-100 elementor-top-column elementor-element elementor-element-f9bd2c7\" data-id=\"f9bd2c7\" data-element_type=\"column\">\n\t\t\t<div class=\"elementor-widget-wrap elementor-element-populated\">\n\t\t\t\t\t\t\t\t<div class=\"elementor-element elementor-element-a2b1a36 elementor-widget elementor-widget-image\" data-id=\"a2b1a36\" data-element_type=\"widget\" data-widget_type=\"image.default\">\n\t\t\t\t<div class=\"elementor-widget-container\">\n\t\t\t\t\t\t\t\t\t\t\t\t\t\t\t<img decoding=\"async\" width=\"248\" height=\"154\" src=\"https:\/\/superpower.cl\/wp\/wp-content\/uploads\/2022\/10\/cb.jpg\" class=\"attachment-large size-large wp-image-1307\" alt=\"\" loading=\"lazy\" \/>\t\t\t\t\t\t\t\t\t\t\t\t\t\t\t<\/div>\n\t\t\t\t<\/div>\n\t\t\t\t\t<\/div>\n\t\t<\/div>\n\t\t\t\t\t\t\t<\/div>\n\t\t<\/section>\n\t\t\t\t<section class=\"elementor-section elementor-top-section elementor-element elementor-element-75d9413 elementor-section-boxed elementor-section-height-default elementor-section-height-default\" data-id=\"75d9413\" data-element_type=\"section\">\n\t\t\t\t\t\t<div class=\"elementor-container elementor-column-gap-default\">\n\t\t\t\t\t<div class=\"elementor-column elementor-col-100 elementor-top-column elementor-element elementor-element-5062adca\" data-id=\"5062adca\" data-element_type=\"column\">\n\t\t\t<div class=\"elementor-widget-wrap elementor-element-populated\">\n\t\t\t\t\t\t\t\t<div class=\"elementor-element elementor-element-67933755 elementor-widget elementor-widget-text-editor\" data-id=\"67933755\" data-element_type=\"widget\" data-widget_type=\"text-editor.default\">\n\t\t\t\t<div class=\"elementor-widget-container\">\n\t\t\t\t\t\t\t<p><!-- wp:paragraph --><\/p>\n<p>Las barras de desgaste que provee SUPERPOWER\u00a0son piezas bi-met\u00e1licas soldables que absorben el impacto y disminuyen el desgaste prematuro de elementos y piezas sometidas a la alta abrasi\u00f3n.<\/p>\n<p><!-- \/wp:paragraph --><!-- wp:paragraph --><\/p>\n<p>Consta de una base soldable en acero ASTM A-36, sobre la que descansa una capa extra dura de fundici\u00f3n blanca con cromo-molibdeno.<\/p>\n<p><!-- \/wp:paragraph --><!-- wp:paragraph --><\/p>\n<p>Son f\u00e1ciles de instalar, de reemplazo simple y grandes prestaciones.<\/p>\n<p><!-- \/wp:paragraph --><!-- wp:image {\"id\":416} --><\/p>\n<figure class=\"wp-block-image\"><\/figure>\n<p><!-- \/wp:heading --><!-- wp:image {\"linkDestination\":\"custom\"} --><\/p>\n<figure class=\"wp-block-image\"><\/figure>\n<p><!-- \/wp:image --><\/p>\t\t\t\t\t\t<\/div>\n\t\t\t\t<\/div>\n\t\t\t\t\t<\/div>\n\t\t<\/div>\n\t\t\t\t\t\t\t<\/div>\n\t\t<\/section>\n\t\t\t\t<section class=\"elementor-section elementor-top-section elementor-element elementor-element-cbf4ad0 elementor-section-boxed elementor-section-height-default elementor-section-height-default\" data-id=\"cbf4ad0\" data-element_type=\"section\">\n\t\t\t\t\t\t<div class=\"elementor-container elementor-column-gap-default\">\n\t\t\t\t\t<div class=\"elementor-column elementor-col-100 elementor-top-column elementor-element elementor-element-570a6c7\" data-id=\"570a6c7\" data-element_type=\"column\">\n\t\t\t<div class=\"elementor-widget-wrap elementor-element-populated\">\n\t\t\t\t\t\t\t\t<div class=\"elementor-element elementor-element-5d3fd38 elementor-widget elementor-widget-button\" data-id=\"5d3fd38\" data-element_type=\"widget\" data-widget_type=\"button.default\">\n\t\t\t\t<div class=\"elementor-widget-container\">\n\t\t\t\t\t<div class=\"elementor-button-wrapper\">\n\t\t\t<a class=\"elementor-button elementor-button-link elementor-size-md\" href=\"https:\/\/superpower.cl\/wp\/cotizar\/\">\n\t\t\t\t\t\t<span class=\"elementor-button-content-wrapper\">\n\t\t\t\t\t\t<span class=\"elementor-button-text\">Cotizar<\/span>\n\t\t<\/span>\n\t\t\t\t\t<\/a>\n\t\t<\/div>\n\t\t\t\t<\/div>\n\t\t\t\t<\/div>\n\t\t\t\t\t<\/div>\n\t\t<\/div>\n\t\t\t\t\t\t\t<\/div>\n\t\t<\/section>\n\t\t\t\t<section class=\"elementor-section elementor-top-section elementor-element elementor-element-8efb2f0 elementor-section-boxed elementor-section-height-default elementor-section-height-default\" data-id=\"8efb2f0\" data-element_type=\"section\">\n\t\t\t\t\t\t<div class=\"elementor-container elementor-column-gap-default\">\n\t\t\t\t\t<div class=\"elementor-column elementor-col-100 elementor-top-column elementor-element elementor-element-ef9fa9a\" data-id=\"ef9fa9a\" data-element_type=\"column\">\n\t\t\t<div class=\"elementor-widget-wrap elementor-element-populated\">\n\t\t\t\t\t\t\t\t<div class=\"elementor-element elementor-element-7059129 elementor-widget elementor-widget-spacer\" data-id=\"7059129\" data-element_type=\"widget\" data-widget_type=\"spacer.default\">\n\t\t\t\t<div class=\"elementor-widget-container\">\n\t\t\t\t\t<div class=\"elementor-spacer\">\n\t\t\t<div class=\"elementor-spacer-inner\"><\/div>\n\t\t<\/div>\n\t\t\t\t<\/div>\n\t\t\t\t<\/div>\n\t\t\t\t\t<\/div>\n\t\t<\/div>\n\t\t\t\t\t\t\t<\/div>\n\t\t<\/section>\n\t\t\t\t\t\t\t<\/div>\n\t\t","protected":false},"excerpt":{"rendered":"<p>Las barras de desgaste que provee SUPERPOWER\u00a0son piezas bi-met\u00e1licas soldables que absorben el impacto y disminuyen el desgaste prematuro de elementos y piezas sometidas a la alta abrasi\u00f3n. Consta de una base soldable en acero ASTM A-36, sobre la que descansa una capa extra dura de fundici\u00f3n blanca con cromo-molibdeno. Son f\u00e1ciles de instalar, de [&hellip;]<\/p>\n","protected":false},"author":1,"featured_media":0,"parent":0,"menu_order":0,"comment_status":"closed","ping_status":"closed","template":"","meta":[],"_links":{"self":[{"href":"https:\/\/superpower.cl\/wp\/wp-json\/wp\/v2\/pages\/1014"}],"collection":[{"href":"https:\/\/superpower.cl\/wp\/wp-json\/wp\/v2\/pages"}],"about":[{"href":"https:\/\/superpower.cl\/wp\/wp-json\/wp\/v2\/types\/page"}],"author":[{"embeddable":true,"href":"https:\/\/superpower.cl\/wp\/wp-json\/wp\/v2\/users\/1"}],"replies":[{"embeddable":true,"href":"https:\/\/superpower.cl\/wp\/wp-json\/wp\/v2\/comments?post=1014"}],"version-history":[{"count":9,"href":"https:\/\/superpower.cl\/wp\/wp-json\/wp\/v2\/pages\/1014\/revisions"}],"predecessor-version":[{"id":1310,"href":"https:\/\/superpower.cl\/wp\/wp-json\/wp\/v2\/pages\/1014\/revisions\/1310"}],"wp:attachment":[{"href":"https:\/\/superpower.cl\/wp\/wp-json\/wp\/v2\/media?parent=1014"}],"curies":[{"name":"wp","href":"https:\/\/api.w.org\/{rel}","templated":true}]}}