{"id":1038,"date":"2020-10-16T20:42:50","date_gmt":"2020-10-16T20:42:50","guid":{"rendered":"https:\/\/superpower.cl\/wp\/?page_id=1038"},"modified":"2022-10-23T13:04:46","modified_gmt":"2022-10-23T13:04:46","slug":"oxido-de-zirconio","status":"publish","type":"page","link":"https:\/\/superpower.cl\/wp\/oxido-de-zirconio\/","title":{"rendered":"Oxido de Zirconio"},"content":{"rendered":"\t\t<div data-elementor-type=\"wp-page\" data-elementor-id=\"1038\" class=\"elementor elementor-1038\">\n\t\t\t\t\t\t\t\t\t<section class=\"elementor-section elementor-top-section elementor-element elementor-element-3ccfeb8 elementor-section-boxed elementor-section-height-default elementor-section-height-default\" data-id=\"3ccfeb8\" data-element_type=\"section\">\n\t\t\t\t\t\t<div class=\"elementor-container elementor-column-gap-default\">\n\t\t\t\t\t<div class=\"elementor-column elementor-col-100 elementor-top-column elementor-element elementor-element-218b325\" data-id=\"218b325\" data-element_type=\"column\">\n\t\t\t<div class=\"elementor-widget-wrap elementor-element-populated\">\n\t\t\t\t\t\t\t\t<div class=\"elementor-element elementor-element-60fbbef elementor-widget elementor-widget-spacer\" data-id=\"60fbbef\" data-element_type=\"widget\" data-widget_type=\"spacer.default\">\n\t\t\t\t<div class=\"elementor-widget-container\">\n\t\t\t\t\t<div class=\"elementor-spacer\">\n\t\t\t<div class=\"elementor-spacer-inner\"><\/div>\n\t\t<\/div>\n\t\t\t\t<\/div>\n\t\t\t\t<\/div>\n\t\t\t\t\t<\/div>\n\t\t<\/div>\n\t\t\t\t\t\t\t<\/div>\n\t\t<\/section>\n\t\t\t\t<section class=\"elementor-section elementor-top-section elementor-element elementor-element-438aed9 elementor-section-boxed elementor-section-height-default elementor-section-height-default\" data-id=\"438aed9\" data-element_type=\"section\">\n\t\t\t\t\t\t<div class=\"elementor-container elementor-column-gap-default\">\n\t\t\t\t\t<div class=\"elementor-column elementor-col-50 elementor-top-column elementor-element elementor-element-cbc573e\" data-id=\"cbc573e\" data-element_type=\"column\">\n\t\t\t<div class=\"elementor-widget-wrap elementor-element-populated\">\n\t\t\t\t\t\t\t\t<div class=\"elementor-element elementor-element-9ad6dfc elementor-widget elementor-widget-image\" data-id=\"9ad6dfc\" data-element_type=\"widget\" data-widget_type=\"image.default\">\n\t\t\t\t<div class=\"elementor-widget-container\">\n\t\t\t\t\t\t\t\t\t\t\t\t\t\t\t<img decoding=\"async\" width=\"580\" height=\"302\" src=\"https:\/\/superpower.cl\/wp\/wp-content\/uploads\/2020\/10\/superpowerzirconium-1024x534-1.jpg\" class=\"attachment-large size-large wp-image-1140\" alt=\"\" loading=\"lazy\" srcset=\"https:\/\/superpower.cl\/wp\/wp-content\/uploads\/2020\/10\/superpowerzirconium-1024x534-1.jpg 1024w, https:\/\/superpower.cl\/wp\/wp-content\/uploads\/2020\/10\/superpowerzirconium-1024x534-1-300x156.jpg 300w, https:\/\/superpower.cl\/wp\/wp-content\/uploads\/2020\/10\/superpowerzirconium-1024x534-1-768x401.jpg 768w\" sizes=\"(max-width: 580px) 100vw, 580px\" \/>\t\t\t\t\t\t\t\t\t\t\t\t\t\t\t<\/div>\n\t\t\t\t<\/div>\n\t\t\t\t\t<\/div>\n\t\t<\/div>\n\t\t\t\t<div class=\"elementor-column elementor-col-50 elementor-top-column elementor-element elementor-element-7ce127e\" data-id=\"7ce127e\" data-element_type=\"column\">\n\t\t\t<div class=\"elementor-widget-wrap elementor-element-populated\">\n\t\t\t\t\t\t\t\t<div class=\"elementor-element elementor-element-00fab76 elementor-widget elementor-widget-text-editor\" data-id=\"00fab76\" data-element_type=\"widget\" data-widget_type=\"text-editor.default\">\n\t\t\t\t<div class=\"elementor-widget-container\">\n\t\t\t\t\t\t\t<p>El \u00f3xido de Zirconio es la alternativa a la Al\u00famina Sinterizada, en cuanto a resistencia a impacto leve-medio, vibraciones y flexo-tracci\u00f3n. Se fabrica en piezas a medida bajo plano.<\/p>\t\t\t\t\t\t<\/div>\n\t\t\t\t<\/div>\n\t\t\t\t\t<\/div>\n\t\t<\/div>\n\t\t\t\t\t\t\t<\/div>\n\t\t<\/section>\n\t\t\t\t<section class=\"elementor-section elementor-top-section elementor-element elementor-element-1146708 elementor-section-boxed elementor-section-height-default elementor-section-height-default\" data-id=\"1146708\" data-element_type=\"section\">\n\t\t\t\t\t\t<div class=\"elementor-container elementor-column-gap-default\">\n\t\t\t\t\t<div class=\"elementor-column elementor-col-100 elementor-top-column elementor-element elementor-element-db30181\" data-id=\"db30181\" data-element_type=\"column\">\n\t\t\t<div class=\"elementor-widget-wrap elementor-element-populated\">\n\t\t\t\t\t\t\t\t<div class=\"elementor-element elementor-element-b3c1cef elementor-widget elementor-widget-button\" data-id=\"b3c1cef\" data-element_type=\"widget\" data-widget_type=\"button.default\">\n\t\t\t\t<div class=\"elementor-widget-container\">\n\t\t\t\t\t<div class=\"elementor-button-wrapper\">\n\t\t\t<a class=\"elementor-button elementor-button-link elementor-size-md\" href=\"https:\/\/superpower.cl\/wp\/cotizar\/\">\n\t\t\t\t\t\t<span class=\"elementor-button-content-wrapper\">\n\t\t\t\t\t\t<span class=\"elementor-button-text\">Cotizar<\/span>\n\t\t<\/span>\n\t\t\t\t\t<\/a>\n\t\t<\/div>\n\t\t\t\t<\/div>\n\t\t\t\t<\/div>\n\t\t\t\t\t<\/div>\n\t\t<\/div>\n\t\t\t\t\t\t\t<\/div>\n\t\t<\/section>\n\t\t\t\t<section class=\"elementor-section elementor-top-section elementor-element elementor-element-6018c5c elementor-section-boxed elementor-section-height-default elementor-section-height-default\" data-id=\"6018c5c\" data-element_type=\"section\">\n\t\t\t\t\t\t<div class=\"elementor-container elementor-column-gap-default\">\n\t\t\t\t\t<div class=\"elementor-column elementor-col-100 elementor-top-column elementor-element elementor-element-150ba43\" data-id=\"150ba43\" data-element_type=\"column\">\n\t\t\t<div class=\"elementor-widget-wrap elementor-element-populated\">\n\t\t\t\t\t\t\t\t<div class=\"elementor-element elementor-element-b4cd7b8 elementor-widget elementor-widget-spacer\" data-id=\"b4cd7b8\" data-element_type=\"widget\" data-widget_type=\"spacer.default\">\n\t\t\t\t<div class=\"elementor-widget-container\">\n\t\t\t\t\t<div class=\"elementor-spacer\">\n\t\t\t<div class=\"elementor-spacer-inner\"><\/div>\n\t\t<\/div>\n\t\t\t\t<\/div>\n\t\t\t\t<\/div>\n\t\t\t\t\t<\/div>\n\t\t<\/div>\n\t\t\t\t\t\t\t<\/div>\n\t\t<\/section>\n\t\t\t\t\t\t\t<\/div>\n\t\t","protected":false},"excerpt":{"rendered":"<p>El \u00f3xido de Zirconio es la alternativa a la Al\u00famina Sinterizada, en cuanto a resistencia a impacto leve-medio, vibraciones y flexo-tracci\u00f3n. Se fabrica en piezas a medida bajo plano. Cotizar<\/p>\n","protected":false},"author":1,"featured_media":0,"parent":0,"menu_order":0,"comment_status":"closed","ping_status":"closed","template":"","meta":[],"_links":{"self":[{"href":"https:\/\/superpower.cl\/wp\/wp-json\/wp\/v2\/pages\/1038"}],"collection":[{"href":"https:\/\/superpower.cl\/wp\/wp-json\/wp\/v2\/pages"}],"about":[{"href":"https:\/\/superpower.cl\/wp\/wp-json\/wp\/v2\/types\/page"}],"author":[{"embeddable":true,"href":"https:\/\/superpower.cl\/wp\/wp-json\/wp\/v2\/users\/1"}],"replies":[{"embeddable":true,"href":"https:\/\/superpower.cl\/wp\/wp-json\/wp\/v2\/comments?post=1038"}],"version-history":[{"count":5,"href":"https:\/\/superpower.cl\/wp\/wp-json\/wp\/v2\/pages\/1038\/revisions"}],"predecessor-version":[{"id":1328,"href":"https:\/\/superpower.cl\/wp\/wp-json\/wp\/v2\/pages\/1038\/revisions\/1328"}],"wp:attachment":[{"href":"https:\/\/superpower.cl\/wp\/wp-json\/wp\/v2\/media?parent=1038"}],"curies":[{"name":"wp","href":"https:\/\/api.w.org\/{rel}","templated":true}]}}